{"id":11,"date":"2024-02-19T16:47:12","date_gmt":"2024-02-19T15:47:12","guid":{"rendered":"https:\/\/institut-phenix.com\/?page_id=11"},"modified":"2024-02-24T14:46:39","modified_gmt":"2024-02-24T13:46:39","slug":"notre-equipe","status":"publish","type":"page","link":"https:\/\/institut-phenix.com\/index.php\/notre-equipe\/","title":{"rendered":"Notre Equipe"},"content":{"rendered":"\t\t<div data-elementor-type=\"wp-page\" data-elementor-id=\"11\" class=\"elementor elementor-11\" data-elementor-settings=\"{&quot;ha_cmc_init_switcher&quot;:&quot;no&quot;}\">\n\t\t\t\t<div class=\"elementor-element elementor-element-5a7f03 e-con-full e-flex wpr-particle-no wpr-jarallax-no wpr-parallax-no wpr-sticky-section-no e-con e-parent\" data-id=\"5a7f03\" data-element_type=\"container\" data-e-type=\"container\" data-settings=\"{&quot;_ha_eqh_enable&quot;:false}\">\n\t\t\t\t<div class=\"elementor-element elementor-element-6bdf0137 elementor-drop-cap-yes elementor-drop-cap-view-default exad-sticky-section-no exad-glass-effect-no elementor-widget elementor-widget-text-editor\" data-id=\"6bdf0137\" data-element_type=\"widget\" data-e-type=\"widget\" data-settings=\"{&quot;drop_cap&quot;:&quot;yes&quot;}\" data-widget_type=\"text-editor.default\">\n\t\t\t\t<div class=\"elementor-widget-container\">\n\t\t\t\t\t\t\t\t\t\n<div class=\"wp-block-media-text alignfull is-stacked-on-mobile is-vertically-aligned-bottom\" style=\"grid-template-columns: 43% auto;\">\n<figure class=\"wp-block-media-text__media\"><img decoding=\"async\" class=\"alignleft wp-image-487\" src=\"https:\/\/institut-phenix.com\/wp-content\/uploads\/2024\/02\/E2.jpg\" alt=\"\" width=\"187\" height=\"112\" \/><\/figure>\n<div class=\"wp-block-media-text__content\">\n<h2 class=\"wp-block-heading\">L&#8217; <strong>EQUIPE\u00a0<\/strong><\/h2>\n\n<p>L\u2019Institut Ph\u00e9nix est compos\u00e9 de deux principaux d\u00e9partements. Il s\u2019agit notamment des d\u00e9partements \u2018\u2019 Ing\u00e9nierie de formation\u2019\u2019 et \u2018\u2019\u00c9tudes et Recherches \u2018\u2019. Ces deux d\u00e9partements disposent d\u2019un personnel dynamique et comp\u00e9tent. La plupart des membres de ces d\u00e9partements de l\u2019Institut Ph\u00e9nix ont au moins\u00a0 18 ans d\u2019exp\u00e9riences dans les domaines de l\u2019ing\u00e9nierie de formation, gestion des projets, des entreprises et des ressources humaines.<\/p>\n\n<p>L\u2019Institut Ph\u00e9nix \u00e9volue dans plusieurs r\u00e9seaux de cabinets-conseils au B\u00e9nin tels que le r\u00e9seau GERME (G\u00e9rez Mieux Votre Entreprise), le R\u00e9seau des Ing\u00e9nieurs de Formation du B\u00e9nin (RIFoB), ce qui\u00a0 lui permet de disposer d\u2019une gamme vari\u00e9e et polyvalente d\u2019intervenants externes.<\/p>\n<\/div>\n<\/div>\n\t\t\t\t\t\t\t\t<\/div>\n\t\t\t\t<\/div>\n\t\t\t\t<\/div>\n\t\t\t\t<\/div>\n\t\t","protected":false},"excerpt":{"rendered":"<p>L&#8217; EQUIPE\u00a0 L\u2019Institut Ph\u00e9nix est compos\u00e9 de deux principaux d\u00e9partements. Il s\u2019agit notamment des d\u00e9partements \u2018\u2019 Ing\u00e9nierie de formation\u2019\u2019 et \u2018\u2019\u00c9tudes et Recherches \u2018\u2019. Ces deux d\u00e9partements disposent d\u2019un personnel dynamique et comp\u00e9tent. La plupart des membres de ces d\u00e9partements de l\u2019Institut Ph\u00e9nix ont au moins\u00a0 18 ans d\u2019exp\u00e9riences dans les domaines de l\u2019ing\u00e9nierie de formation, gestion des projets, des entreprises et des ressources humaines. L\u2019Institut Ph\u00e9nix \u00e9volue dans plusieurs r\u00e9seaux de cabinets-conseils au B\u00e9nin tels que le r\u00e9seau GERME (G\u00e9rez Mieux Votre Entreprise), le R\u00e9seau des Ing\u00e9nieurs de Formation du B\u00e9nin (RIFoB), ce qui\u00a0 lui permet de disposer d\u2019une gamme vari\u00e9e et polyvalente d\u2019intervenants externes.<\/p>\n","protected":false},"author":1,"featured_media":0,"parent":0,"menu_order":0,"comment_status":"closed","ping_status":"closed","template":"","meta":{"_eb_attr":"","om_disable_all_campaigns":false,"footnotes":""},"class_list":["post-11","page","type-page","status-publish","hentry"],"_links":{"self":[{"href":"https:\/\/institut-phenix.com\/index.php\/wp-json\/wp\/v2\/pages\/11","targetHints":{"allow":["GET"]}}],"collection":[{"href":"https:\/\/institut-phenix.com\/index.php\/wp-json\/wp\/v2\/pages"}],"about":[{"href":"https:\/\/institut-phenix.com\/index.php\/wp-json\/wp\/v2\/types\/page"}],"author":[{"embeddable":true,"href":"https:\/\/institut-phenix.com\/index.php\/wp-json\/wp\/v2\/users\/1"}],"replies":[{"embeddable":true,"href":"https:\/\/institut-phenix.com\/index.php\/wp-json\/wp\/v2\/comments?post=11"}],"version-history":[{"count":35,"href":"https:\/\/institut-phenix.com\/index.php\/wp-json\/wp\/v2\/pages\/11\/revisions"}],"predecessor-version":[{"id":520,"href":"https:\/\/institut-phenix.com\/index.php\/wp-json\/wp\/v2\/pages\/11\/revisions\/520"}],"wp:attachment":[{"href":"https:\/\/institut-phenix.com\/index.php\/wp-json\/wp\/v2\/media?parent=11"}],"curies":[{"name":"wp","href":"https:\/\/api.w.org\/{rel}","templated":true}]}}