{"id":1297,"date":"2024-03-13T12:20:43","date_gmt":"2024-03-13T11:20:43","guid":{"rendered":"https:\/\/institut-phenix.com\/index.php\/about-us\/"},"modified":"2024-05-03T18:30:39","modified_gmt":"2024-05-03T16:30:39","slug":"about-us","status":"publish","type":"page","link":"https:\/\/institut-phenix.com\/index.php\/about-us\/","title":{"rendered":"About Us"},"content":{"rendered":"\t\t<div data-elementor-type=\"wp-page\" data-elementor-id=\"1297\" class=\"elementor elementor-1297\" data-elementor-settings=\"{&quot;ha_cmc_init_switcher&quot;:&quot;no&quot;}\">\n\t\t\t\t\t\t<section class=\"elementor-section elementor-top-section elementor-element elementor-element-d7f810f elementor-section-full_width elementor-section-content-middle elementor-section-height-default elementor-section-height-default exad-glass-effect-no wpr-particle-no wpr-jarallax-no wpr-parallax-no wpr-sticky-section-no exad-sticky-section-no\" data-id=\"d7f810f\" data-element_type=\"section\" data-e-type=\"section\" id=\"info_section\" data-settings=\"{&quot;background_background&quot;:&quot;classic&quot;,&quot;_ha_eqh_enable&quot;:false}\">\n\t\t\t\t\t\t<div class=\"elementor-container elementor-column-gap-no\">\n\t\t\t\t\t<div class=\"elementor-column elementor-col-100 elementor-top-column elementor-element elementor-element-440e224 exad-glass-effect-no exad-sticky-section-no\" data-id=\"440e224\" data-element_type=\"column\" data-e-type=\"column\">\n\t\t\t<div class=\"elementor-widget-wrap elementor-element-populated\">\n\t\t\t\t\t\t<section class=\"elementor-section elementor-inner-section elementor-element elementor-element-31d82f4 elementor-section-content-middle elementor-reverse-tablet elementor-reverse-mobile elementor-section-boxed elementor-section-height-default elementor-section-height-default exad-glass-effect-no wpr-particle-no wpr-jarallax-no wpr-parallax-no wpr-sticky-section-no exad-sticky-section-no\" data-id=\"31d82f4\" data-element_type=\"section\" data-e-type=\"section\" data-settings=\"{&quot;_ha_eqh_enable&quot;:false}\">\n\t\t\t\t\t\t<div class=\"elementor-container elementor-column-gap-no\">\n\t\t\t\t\t<div class=\"elementor-column elementor-col-50 elementor-inner-column elementor-element elementor-element-299c1ab exad-glass-effect-no exad-sticky-section-no elementor-invisible\" data-id=\"299c1ab\" data-element_type=\"column\" data-e-type=\"column\" data-settings=\"{&quot;animation&quot;:&quot;fadeInLeft&quot;}\">\n\t\t\t<div class=\"elementor-widget-wrap elementor-element-populated\">\n\t\t\t\t\t\t<div class=\"elementor-element elementor-element-6a1a76e exad-sticky-section-no exad-glass-effect-no elementor-widget elementor-widget-heading\" data-id=\"6a1a76e\" data-element_type=\"widget\" data-e-type=\"widget\" data-widget_type=\"heading.default\">\n\t\t\t\t<div class=\"elementor-widget-container\">\n\t\t\t\t\t<h2 class=\"elementor-heading-title elementor-size-default\">Notre Mission<\/h2>\t\t\t\t<\/div>\n\t\t\t\t<\/div>\n\t\t\t\t<div class=\"elementor-element elementor-element-6f0cc05 exad-sticky-section-no exad-glass-effect-no elementor-widget elementor-widget-text-editor\" data-id=\"6f0cc05\" data-element_type=\"widget\" data-e-type=\"widget\" data-widget_type=\"text-editor.default\">\n\t\t\t\t<div class=\"elementor-widget-container\">\n\t\t\t\t\t\t\t\t\t<h2 class=\"wp-block-heading\" data-sider-select-id=\"1ed6317e-3896-4b02-a56b-c013e17578b1\">Promouvoir le professionnalisme et le d\u00e9veloppement durable des entreprises, organisations et des communes \u00e0 travers\u00a0 la formation et l\u2019assistance-conseils.<\/h2>\t\t\t\t\t\t\t\t<\/div>\n\t\t\t\t<\/div>\n\t\t\t\t\t<\/div>\n\t\t<\/div>\n\t\t\t\t<div class=\"elementor-column elementor-col-50 elementor-inner-column elementor-element elementor-element-4c9863c exad-glass-effect-no exad-sticky-section-no\" data-id=\"4c9863c\" data-element_type=\"column\" data-e-type=\"column\">\n\t\t\t<div class=\"elementor-widget-wrap elementor-element-populated\">\n\t\t\t\t\t\t<div class=\"elementor-element elementor-element-55a36b9 elementor-widget__width-initial exad-sticky-section-no exad-glass-effect-no elementor-invisible elementor-widget elementor-widget-image\" data-id=\"55a36b9\" data-element_type=\"widget\" data-e-type=\"widget\" data-settings=\"{&quot;_animation&quot;:&quot;fadeInRight&quot;}\" data-widget_type=\"image.default\">\n\t\t\t\t<div class=\"elementor-widget-container\">\n\t\t\t\t\t\t\t\t\t\t\t\t\t\t\t<img fetchpriority=\"high\" decoding=\"async\" width=\"2560\" height=\"1707\" src=\"https:\/\/institut-phenix.com\/wp-content\/uploads\/2024\/02\/MG_5969-2-1-scaled-2.jpg\" class=\"attachment-full size-full wp-image-110\" alt=\"\" srcset=\"https:\/\/institut-phenix.com\/wp-content\/uploads\/2024\/02\/MG_5969-2-1-scaled-2.jpg 2560w, https:\/\/institut-phenix.com\/wp-content\/uploads\/2024\/02\/MG_5969-2-1-scaled-2-300x200.jpg 300w, https:\/\/institut-phenix.com\/wp-content\/uploads\/2024\/02\/MG_5969-2-1-scaled-2-1024x683.jpg 1024w, https:\/\/institut-phenix.com\/wp-content\/uploads\/2024\/02\/MG_5969-2-1-scaled-2-768x512.jpg 768w, https:\/\/institut-phenix.com\/wp-content\/uploads\/2024\/02\/MG_5969-2-1-scaled-2-1536x1024.jpg 1536w, https:\/\/institut-phenix.com\/wp-content\/uploads\/2024\/02\/MG_5969-2-1-scaled-2-2048x1366.jpg 2048w\" sizes=\"(max-width: 2560px) 100vw, 2560px\" \/>\t\t\t\t\t\t\t\t\t\t\t\t\t\t\t<\/div>\n\t\t\t\t<\/div>\n\t\t\t\t<div class=\"elementor-element elementor-element-c432bf8 exad-sticky-section-no exad-glass-effect-no elementor-widget elementor-widget-heading\" data-id=\"c432bf8\" data-element_type=\"widget\" data-e-type=\"widget\" data-widget_type=\"heading.default\">\n\t\t\t\t<div class=\"elementor-widget-container\">\n\t\t\t\t\t<h3 class=\"elementor-heading-title elementor-size-default\">Dr Faustin DJAGBA<\/h3>\t\t\t\t<\/div>\n\t\t\t\t<\/div>\n\t\t\t\t\t<\/div>\n\t\t<\/div>\n\t\t\t\t\t<\/div>\n\t\t<\/section>\n\t\t\t\t<div class=\"elementor-element elementor-element-50e1387 elementor-widget__width-initial elementor-widget-tablet__width-initial elementor-absolute exad-sticky-section-no exad-glass-effect-no ha-has-bg-overlay elementor-widget elementor-widget-spacer\" data-id=\"50e1387\" data-element_type=\"widget\" data-e-type=\"widget\" data-settings=\"{&quot;_position&quot;:&quot;absolute&quot;}\" data-widget_type=\"spacer.default\">\n\t\t\t\t<div class=\"elementor-widget-container\">\n\t\t\t\t\t\t\t<div class=\"elementor-spacer\">\n\t\t\t<div class=\"elementor-spacer-inner\"><\/div>\n\t\t<\/div>\n\t\t\t\t\t\t<\/div>\n\t\t\t\t<\/div>\n\t\t\t\t\t<\/div>\n\t\t<\/div>\n\t\t\t\t\t<\/div>\n\t\t<\/section>\n\t\t\t\t<section class=\"elementor-section elementor-top-section elementor-element elementor-element-c5d45ad elementor-section-boxed elementor-section-height-default elementor-section-height-default exad-glass-effect-no wpr-particle-no wpr-jarallax-no wpr-parallax-no wpr-sticky-section-no exad-sticky-section-no\" data-id=\"c5d45ad\" data-element_type=\"section\" data-e-type=\"section\" data-settings=\"{&quot;background_background&quot;:&quot;classic&quot;,&quot;_ha_eqh_enable&quot;:false}\">\n\t\t\t\t\t\t<div class=\"elementor-container elementor-column-gap-no\">\n\t\t\t\t\t<div class=\"elementor-column elementor-col-100 elementor-top-column elementor-element elementor-element-681ce12 exad-glass-effect-no exad-sticky-section-no\" data-id=\"681ce12\" data-element_type=\"column\" data-e-type=\"column\">\n\t\t\t<div class=\"elementor-widget-wrap elementor-element-populated\">\n\t\t\t\t\t\t<div class=\"elementor-element elementor-element-4be6d23 elementor-widget__width-auto elementor-absolute exad-sticky-section-no exad-glass-effect-no elementor-widget elementor-widget-image\" data-id=\"4be6d23\" data-element_type=\"widget\" data-e-type=\"widget\" data-settings=\"{&quot;_position&quot;:&quot;absolute&quot;}\" data-widget_type=\"image.default\">\n\t\t\t\t<div class=\"elementor-widget-container\">\n\t\t\t\t\t\t\t\t\t\t\t\t\t\t\t<img decoding=\"async\" width=\"183\" height=\"302\" src=\"https:\/\/institut-phenix.com\/wp-content\/uploads\/2024\/03\/96ac75cb-object-8our-exprience.png\" class=\"attachment-full size-full wp-image-1280\" alt=\"\" srcset=\"https:\/\/institut-phenix.com\/wp-content\/uploads\/2024\/03\/96ac75cb-object-8our-exprience.png 183w, https:\/\/institut-phenix.com\/wp-content\/uploads\/2024\/03\/96ac75cb-object-8our-exprience-182x300.png 182w\" sizes=\"(max-width: 183px) 100vw, 183px\" \/>\t\t\t\t\t\t\t\t\t\t\t\t\t\t\t<\/div>\n\t\t\t\t<\/div>\n\t\t\t\t<section class=\"elementor-section elementor-inner-section elementor-element elementor-element-77afafa elementor-section-content-middle elementor-section-boxed elementor-section-height-default elementor-section-height-default exad-glass-effect-no wpr-particle-no wpr-jarallax-no wpr-parallax-no wpr-sticky-section-no exad-sticky-section-no\" data-id=\"77afafa\" data-element_type=\"section\" data-e-type=\"section\" data-settings=\"{&quot;background_background&quot;:&quot;classic&quot;,&quot;_ha_eqh_enable&quot;:false}\">\n\t\t\t\t\t\t<div class=\"elementor-container elementor-column-gap-no\">\n\t\t\t\t\t<div class=\"elementor-column elementor-col-50 elementor-inner-column elementor-element elementor-element-b5431fd exad-glass-effect-no exad-sticky-section-no\" data-id=\"b5431fd\" data-element_type=\"column\" data-e-type=\"column\">\n\t\t\t<div class=\"elementor-widget-wrap elementor-element-populated\">\n\t\t\t\t\t\t<div class=\"elementor-element elementor-element-a54b9a7 exad-sticky-section-no exad-glass-effect-no elementor-invisible elementor-widget elementor-widget-image\" data-id=\"a54b9a7\" data-element_type=\"widget\" data-e-type=\"widget\" data-settings=\"{&quot;_animation&quot;:&quot;fadeIn&quot;}\" data-widget_type=\"image.default\">\n\t\t\t\t<div class=\"elementor-widget-container\">\n\t\t\t\t\t\t\t\t\t\t\t\t\t\t\t<img decoding=\"async\" width=\"311\" height=\"162\" src=\"https:\/\/institut-phenix.com\/wp-content\/uploads\/2024\/02\/E8.jpg\" class=\"attachment-full size-full wp-image-29\" alt=\"\" srcset=\"https:\/\/institut-phenix.com\/wp-content\/uploads\/2024\/02\/E8.jpg 311w, https:\/\/institut-phenix.com\/wp-content\/uploads\/2024\/02\/E8-300x156.jpg 300w\" sizes=\"(max-width: 311px) 100vw, 311px\" \/>\t\t\t\t\t\t\t\t\t\t\t\t\t\t\t<\/div>\n\t\t\t\t<\/div>\n\t\t\t\t\t<\/div>\n\t\t<\/div>\n\t\t\t\t<div class=\"elementor-column elementor-col-50 elementor-inner-column elementor-element elementor-element-2eb1e8c exad-glass-effect-no exad-sticky-section-no elementor-invisible\" data-id=\"2eb1e8c\" data-element_type=\"column\" data-e-type=\"column\" data-settings=\"{&quot;animation&quot;:&quot;fadeInRight&quot;}\">\n\t\t\t<div class=\"elementor-widget-wrap elementor-element-populated\">\n\t\t\t\t\t\t<div class=\"elementor-element elementor-element-e3b8a29 exad-sticky-section-no exad-glass-effect-no elementor-widget elementor-widget-heading\" data-id=\"e3b8a29\" data-element_type=\"widget\" data-e-type=\"widget\" data-widget_type=\"heading.default\">\n\t\t\t\t<div class=\"elementor-widget-container\">\n\t\t\t\t\t<h2 class=\"elementor-heading-title elementor-size-default\">Gen\u00e8se de l'Institut Ph\u00e9nix<\/h2>\t\t\t\t<\/div>\n\t\t\t\t<\/div>\n\t\t\t\t<div class=\"elementor-element elementor-element-60d918c exad-sticky-section-no exad-glass-effect-no elementor-widget elementor-widget-text-editor\" data-id=\"60d918c\" data-element_type=\"widget\" data-e-type=\"widget\" data-widget_type=\"text-editor.default\">\n\t\t\t\t<div class=\"elementor-widget-container\">\n\t\t\t\t\t\t\t\t\t<p><span class=\"elementor-drop-cap\"><span class=\"elementor-drop-cap-letter\">L<\/span><\/span>\u2019Institut Ph\u00e9nix est un cabinet de consultation cr\u00e9\u00e9 par la MJCD-ONG en 2005. Elle est une transformation d\u2019une cellule de formation cr\u00e9\u00e9e depuis 1995 sous l\u2019appellation de Centre de Formation pour un Meilleur Management des Organisations (CFMO). Cette cr\u00e9ation fait suite \u00e0 un besoin imp\u00e9rieux de l\u2019ONG de se doter d\u2019une cellule de formation professionnelle afin de r\u00e9pondre avec efficacit\u00e9 aux diff\u00e9rentes attentes de ses partenaires.<\/p><p data-sider-select-id=\"b17a87ed-5196-4844-b233-3ad266e860d1\">En 2005, cette cellule de formation, en vue de bien r\u00e9pondre aux exigences de la globalisation a \u00e9t\u00e9 transform\u00e9e en un cabinet conseils d\u00e9nomm\u00e9 Institut PHENIX qui intervient dans les principaux domaines du management et du d\u00e9veloppement avec une pr\u00e9\u00e9minence de l\u2019ing\u00e9nierie de formation, la gestion des ressources humaines et le d\u00e9veloppement organisationnel et institutionnel<\/p>\t\t\t\t\t\t\t\t<\/div>\n\t\t\t\t<\/div>\n\t\t\t\t\t<\/div>\n\t\t<\/div>\n\t\t\t\t\t<\/div>\n\t\t<\/section>\n\t\t\t\t\t<\/div>\n\t\t<\/div>\n\t\t\t\t\t<\/div>\n\t\t<\/section>\n\t\t\t\t<section class=\"elementor-section elementor-top-section elementor-element elementor-element-3035a50 elementor-section-stretched elementor-section-full_width elementor-section-height-default elementor-section-height-default exad-glass-effect-no wpr-particle-no wpr-jarallax-no wpr-parallax-no wpr-sticky-section-no exad-sticky-section-no\" data-id=\"3035a50\" data-element_type=\"section\" data-e-type=\"section\" data-settings=\"{&quot;stretch_section&quot;:&quot;section-stretched&quot;,&quot;_ha_eqh_enable&quot;:false}\">\n\t\t\t\t\t\t<div class=\"elementor-container elementor-column-gap-no\">\n\t\t\t\t\t<div class=\"elementor-column elementor-col-100 elementor-top-column elementor-element elementor-element-4d544db exad-glass-effect-no exad-sticky-section-no\" data-id=\"4d544db\" data-element_type=\"column\" data-e-type=\"column\">\n\t\t\t<div class=\"elementor-widget-wrap\">\n\t\t\t\t\t\t\t<\/div>\n\t\t<\/div>\n\t\t\t\t\t<\/div>\n\t\t<\/section>\n\t\t\t\t<\/div>\n\t\t","protected":false},"excerpt":{"rendered":"<p>Notre Mission Promouvoir le professionnalisme et le d\u00e9veloppement durable des entreprises, organisations et des communes \u00e0 travers\u00a0 la formation et l\u2019assistance-conseils. Dr Faustin DJAGBA Gen\u00e8se de l&#8217;Institut Ph\u00e9nix L\u2019Institut Ph\u00e9nix est un cabinet de consultation cr\u00e9\u00e9 par la MJCD-ONG en 2005. Elle est une transformation d\u2019une cellule de formation cr\u00e9\u00e9e depuis 1995 sous l\u2019appellation de Centre de Formation pour un Meilleur Management des Organisations (CFMO). Cette cr\u00e9ation fait suite \u00e0 un besoin imp\u00e9rieux de l\u2019ONG de se doter d\u2019une cellule de formation professionnelle afin de r\u00e9pondre avec efficacit\u00e9 aux diff\u00e9rentes attentes de ses partenaires. En 2005, cette cellule de formation, en vue de bien r\u00e9pondre aux exigences de la globalisation a \u00e9t\u00e9 transform\u00e9e en un cabinet conseils d\u00e9nomm\u00e9 Institut PHENIX qui intervient dans les principaux domaines du management et du d\u00e9veloppement avec une pr\u00e9\u00e9minence de l\u2019ing\u00e9nierie de formation, la gestion des ressources humaines et le d\u00e9veloppement organisationnel et institutionnel<\/p>\n","protected":false},"author":1,"featured_media":0,"parent":0,"menu_order":0,"comment_status":"closed","ping_status":"closed","template":"elementor_header_footer","meta":{"_eb_attr":"","om_disable_all_campaigns":false,"footnotes":""},"class_list":["post-1297","page","type-page","status-publish","hentry"],"_links":{"self":[{"href":"https:\/\/institut-phenix.com\/index.php\/wp-json\/wp\/v2\/pages\/1297","targetHints":{"allow":["GET"]}}],"collection":[{"href":"https:\/\/institut-phenix.com\/index.php\/wp-json\/wp\/v2\/pages"}],"about":[{"href":"https:\/\/institut-phenix.com\/index.php\/wp-json\/wp\/v2\/types\/page"}],"author":[{"embeddable":true,"href":"https:\/\/institut-phenix.com\/index.php\/wp-json\/wp\/v2\/users\/1"}],"replies":[{"embeddable":true,"href":"https:\/\/institut-phenix.com\/index.php\/wp-json\/wp\/v2\/comments?post=1297"}],"version-history":[{"count":35,"href":"https:\/\/institut-phenix.com\/index.php\/wp-json\/wp\/v2\/pages\/1297\/revisions"}],"predecessor-version":[{"id":1653,"href":"https:\/\/institut-phenix.com\/index.php\/wp-json\/wp\/v2\/pages\/1297\/revisions\/1653"}],"wp:attachment":[{"href":"https:\/\/institut-phenix.com\/index.php\/wp-json\/wp\/v2\/media?parent=1297"}],"curies":[{"name":"wp","href":"https:\/\/api.w.org\/{rel}","templated":true}]}}